{"id":1226,"date":"2023-12-19T11:15:53","date_gmt":"2023-12-19T11:15:53","guid":{"rendered":"https:\/\/prodimax.es\/ioreabogados\/?page_id=1226"},"modified":"2024-02-28T13:54:36","modified_gmt":"2024-02-28T13:54:36","slug":"colibri-1226","status":"publish","type":"page","link":"https:\/\/ioreabogados.com\/index.php\/glosarioabogadospamplona\/colibri-1226\/","title":{"rendered":"A beneficio de inventario"},"content":{"rendered":"<div data-colibri-id=\"1226-c1\" class=\"style-1135 style-local-1226-c1 position-relative\">\n  <!---->\n  <div data-colibri-component=\"section\" data-colibri-id=\"1226-c2\" id=\"about\" class=\"h-section h-section-global-spacing d-flex align-items-lg-center align-items-md-center align-items-center style-1136 style-local-1226-c2 position-relative\">\n    <!---->\n    <!---->\n    <div class=\"h-section-grid-container h-section-boxed-container\">\n      <!---->\n      <div data-colibri-id=\"1226-c3\" class=\"h-row-container gutters-row-lg-0 gutters-row-md-0 gutters-row-0 gutters-row-v-lg-0 gutters-row-v-md-0 gutters-row-v-0 style-1137 style-local-1226-c3 position-relative\">\n        <!---->\n        <div class=\"h-row justify-content-lg-center justify-content-md-center justify-content-center align-items-lg-stretch align-items-md-stretch align-items-stretch gutters-col-lg-0 gutters-col-md-0 gutters-col-0 gutters-col-v-lg-0 gutters-col-v-md-0 gutters-col-v-0\">\n          <!---->\n          <div class=\"h-column h-column-container d-flex h-col-lg-auto h-col-md-auto h-col-auto style-1138-outer style-local-1226-c4-outer\">\n            <div data-colibri-id=\"1226-c4\" class=\"d-flex h-flex-basis h-column__inner h-ui-empty-state-container h-px-lg-0 h-px-md-0 h-px-0 v-inner-lg-0 v-inner-md-0 v-inner-0 style-1138 style-local-1226-c4 position-relative\">\n              <!---->\n              <!---->\n              <div class=\"w-100 h-y-container h-column__content h-column__v-align flex-basis-100\">\n                <!---->\n              <\/div>\n            <\/div>\n          <\/div>\n          <div class=\"h-column h-column-container d-flex h-col-lg-auto h-col-md-auto h-col-auto style-1139-outer style-local-1226-c5-outer\">\n            <div data-colibri-id=\"1226-c5\" class=\"d-flex h-flex-basis h-column__inner h-px-lg-2 h-px-md-2 h-px-2 v-inner-lg-2 v-inner-md-2 v-inner-2 style-1139 style-local-1226-c5 position-relative\">\n              <!---->\n              <!---->\n              <div class=\"w-100 h-y-container h-column__content h-column__v-align flex-basis-100 align-self-lg-start align-self-md-start align-self-start\">\n                <!---->\n                <div data-colibri-id=\"1226-c6\" class=\"h-global-transition-all h-heading style-1140 style-local-1226-c6 position-relative h-element\">\n                  <!---->\n                  <div class=\"h-heading__outer style-1140 style-local-1226-c6\">\n                    <!---->\n                    <!---->\n                    <h5 class=\"\">A BENEFICIO DE INVENTARIO<\/h5>\n                  <\/div>\n                <\/div>\n                <div data-colibri-id=\"1226-c7\" class=\"h-text h-text-component style-1142 style-local-1226-c7 position-relative h-element\">\n                  <!---->\n                  <!---->\n                  <div class=\"\">\n                    <p>Actitud sucesoria del heredero testamentario, leg\u00edtimo o de una y otra especie que sujeta su aceptaci\u00f3n hereditaria al resultado positivo para \u00e9l del haber del de cuius; es decir, sujeta a que el activo patrimonial supere al pasivo,\n                      a las obligaciones y cargas de lo transmitido y de la transmisi\u00f3n. De tal forma se excluye en absoluto la confusi\u00f3n de patrimonios, propia de la aceptaci\u00f3n pura y simple, entre el de cuius y el heredero, obligado entonces a responder\n                      ilimitadamente por su causante. (v. BENEFICIO DE INVENTARIO.)<\/p>\n                  <\/div>\n                <\/div>\n                <div data-colibri-id=\"1226-c8\" class=\"h-x-container style-1156 style-local-1226-c8 position-relative h-element\">\n                  <!---->\n                  <div class=\"h-x-container-inner style-dynamic-1226-c8-group style-1156-spacing style-local-1226-c8-spacing\"><span class=\"h-link__outer style-1157-outer style-local-1226-c9-outer d-inline-flex h-element\"><a h-use-smooth-scroll=\"true\" href=\"https:\/\/ioreabogados.com\/index.php\/productos\/\"  data-colibri-id=\"1226-c9\" class=\"d-flex w-100 align-items-center h-link style-1157 style-local-1226-c9 position-relative\"><!----><!----> <span>NUESTROS SERVICIOS<\/span><\/a>\n                    <\/span>\n                  <\/div>\n                <\/div>\n              <\/div>\n            <\/div>\n          <\/div>\n        <\/div>\n      <\/div>\n    <\/div>\n  <\/div>\n<\/div>","protected":false},"excerpt":{"rendered":"<p>A BENEFICIO DE INVENTARIO Actitud sucesoria del heredero testamentario, leg\u00edtimo o de una y otra especie que sujeta su aceptaci\u00f3n hereditaria al resultado positivo para \u00e9l del haber del de cuius; es decir, sujeta a que el activo patrimonial supere al pasivo, a las obligaciones y cargas de lo transmitido y de la transmisi\u00f3n. De [&hellip;]<\/p>\n","protected":false},"author":1,"featured_media":0,"parent":1204,"menu_order":0,"comment_status":"closed","ping_status":"closed","template":"page-templates\/full-width-page.php","meta":{"footnotes":""},"class_list":["post-1226","page","type-page","status-publish","hentry"],"yoast_head":"<!-- This site is optimized with the Yoast SEO plugin v26.3 - https:\/\/yoast.com\/wordpress\/plugins\/seo\/ -->\r\n<title>A beneficio de inventario - Iore Abogados<\/title>\r\n<meta name=\"robots\" content=\"index, follow, max-snippet:-1, max-image-preview:large, max-video-preview:-1\" \/>\r\n<link rel=\"canonical\" href=\"https:\/\/ioreabogados.com\/index.php\/glosarioabogadospamplona\/colibri-1226\/\" \/>\r\n<meta property=\"og:locale\" content=\"es_ES\" \/>\r\n<meta property=\"og:type\" content=\"article\" \/>\r\n<meta property=\"og:title\" content=\"A beneficio de inventario - Iore Abogados\" \/>\r\n<meta property=\"og:description\" content=\"A BENEFICIO DE INVENTARIO Actitud sucesoria del heredero testamentario, leg\u00edtimo o de una y otra especie que sujeta su aceptaci\u00f3n hereditaria al resultado positivo para \u00e9l del haber del de cuius; es decir, sujeta a que el activo patrimonial supere al pasivo, a las obligaciones y cargas de lo transmitido y de la transmisi\u00f3n. De [&hellip;]\" \/>\r\n<meta property=\"og:url\" content=\"https:\/\/ioreabogados.com\/index.php\/glosarioabogadospamplona\/colibri-1226\/\" \/>\r\n<meta property=\"og:site_name\" content=\"Iore Abogados\" \/>\r\n<meta property=\"article:modified_time\" content=\"2024-02-28T13:54:36+00:00\" \/>\r\n<meta name=\"twitter:card\" content=\"summary_large_image\" \/>\r\n<meta name=\"twitter:site\" content=\"@IoreAbogados\" \/>\r\n<meta name=\"twitter:label1\" content=\"Tiempo de lectura\" \/>\n\t<meta name=\"twitter:data1\" content=\"1 minuto\" \/>\r\n<script type=\"application\/ld+json\" class=\"yoast-schema-graph\">{\"@context\":\"https:\/\/schema.org\",\"@graph\":[{\"@type\":\"WebPage\",\"@id\":\"https:\/\/ioreabogados.com\/index.php\/glosarioabogadospamplona\/colibri-1226\/\",\"url\":\"https:\/\/ioreabogados.com\/index.php\/glosarioabogadospamplona\/colibri-1226\/\",\"name\":\"A beneficio de inventario - Iore Abogados\",\"isPartOf\":{\"@id\":\"https:\/\/ioreabogados.com\/#website\"},\"datePublished\":\"2023-12-19T11:15:53+00:00\",\"dateModified\":\"2024-02-28T13:54:36+00:00\",\"breadcrumb\":{\"@id\":\"https:\/\/ioreabogados.com\/index.php\/glosarioabogadospamplona\/colibri-1226\/#breadcrumb\"},\"inLanguage\":\"es\",\"potentialAction\":[{\"@type\":\"ReadAction\",\"target\":[\"https:\/\/ioreabogados.com\/index.php\/glosarioabogadospamplona\/colibri-1226\/\"]}]},{\"@type\":\"BreadcrumbList\",\"@id\":\"https:\/\/ioreabogados.com\/index.php\/glosarioabogadospamplona\/colibri-1226\/#breadcrumb\",\"itemListElement\":[{\"@type\":\"ListItem\",\"position\":1,\"name\":\"Portada\",\"item\":\"https:\/\/ioreabogados.com\/\"},{\"@type\":\"ListItem\",\"position\":2,\"name\":\"Glosario\",\"item\":\"https:\/\/ioreabogados.com\/index.php\/glosarioabogadospamplona\/\"},{\"@type\":\"ListItem\",\"position\":3,\"name\":\"A beneficio de inventario\"}]},{\"@type\":\"WebSite\",\"@id\":\"https:\/\/ioreabogados.com\/#website\",\"url\":\"https:\/\/ioreabogados.com\/\",\"name\":\"Iore Abogados\",\"description\":\"\",\"publisher\":{\"@id\":\"https:\/\/ioreabogados.com\/#organization\"},\"potentialAction\":[{\"@type\":\"SearchAction\",\"target\":{\"@type\":\"EntryPoint\",\"urlTemplate\":\"https:\/\/ioreabogados.com\/?s={search_term_string}\"},\"query-input\":{\"@type\":\"PropertyValueSpecification\",\"valueRequired\":true,\"valueName\":\"search_term_string\"}}],\"inLanguage\":\"es\"},{\"@type\":\"Organization\",\"@id\":\"https:\/\/ioreabogados.com\/#organization\",\"name\":\"Iore Abogados\",\"url\":\"https:\/\/ioreabogados.com\/\",\"logo\":{\"@type\":\"ImageObject\",\"inLanguage\":\"es\",\"@id\":\"https:\/\/ioreabogados.com\/#\/schema\/logo\/image\/\",\"url\":\"https:\/\/ioreabogados.com\/wp-content\/uploads\/2023\/11\/cropped-logoAbogadosPamplona-1.png\",\"contentUrl\":\"https:\/\/ioreabogados.com\/wp-content\/uploads\/2023\/11\/cropped-logoAbogadosPamplona-1.png\",\"width\":304,\"height\":109,\"caption\":\"Iore Abogados\"},\"image\":{\"@id\":\"https:\/\/ioreabogados.com\/#\/schema\/logo\/image\/\"},\"sameAs\":[\"https:\/\/x.com\/IoreAbogados\"]}]}<\/script>\r\n<!-- \/ Yoast SEO plugin. -->","yoast_head_json":{"title":"A beneficio de inventario - Iore Abogados","robots":{"index":"index","follow":"follow","max-snippet":"max-snippet:-1","max-image-preview":"max-image-preview:large","max-video-preview":"max-video-preview:-1"},"canonical":"https:\/\/ioreabogados.com\/index.php\/glosarioabogadospamplona\/colibri-1226\/","og_locale":"es_ES","og_type":"article","og_title":"A beneficio de inventario - Iore Abogados","og_description":"A BENEFICIO DE INVENTARIO Actitud sucesoria del heredero testamentario, leg\u00edtimo o de una y otra especie que sujeta su aceptaci\u00f3n hereditaria al resultado positivo para \u00e9l del haber del de cuius; es decir, sujeta a que el activo patrimonial supere al pasivo, a las obligaciones y cargas de lo transmitido y de la transmisi\u00f3n. De [&hellip;]","og_url":"https:\/\/ioreabogados.com\/index.php\/glosarioabogadospamplona\/colibri-1226\/","og_site_name":"Iore Abogados","article_modified_time":"2024-02-28T13:54:36+00:00","twitter_card":"summary_large_image","twitter_site":"@IoreAbogados","twitter_misc":{"Tiempo de lectura":"1 minuto"},"schema":{"@context":"https:\/\/schema.org","@graph":[{"@type":"WebPage","@id":"https:\/\/ioreabogados.com\/index.php\/glosarioabogadospamplona\/colibri-1226\/","url":"https:\/\/ioreabogados.com\/index.php\/glosarioabogadospamplona\/colibri-1226\/","name":"A beneficio de inventario - Iore Abogados","isPartOf":{"@id":"https:\/\/ioreabogados.com\/#website"},"datePublished":"2023-12-19T11:15:53+00:00","dateModified":"2024-02-28T13:54:36+00:00","breadcrumb":{"@id":"https:\/\/ioreabogados.com\/index.php\/glosarioabogadospamplona\/colibri-1226\/#breadcrumb"},"inLanguage":"es","potentialAction":[{"@type":"ReadAction","target":["https:\/\/ioreabogados.com\/index.php\/glosarioabogadospamplona\/colibri-1226\/"]}]},{"@type":"BreadcrumbList","@id":"https:\/\/ioreabogados.com\/index.php\/glosarioabogadospamplona\/colibri-1226\/#breadcrumb","itemListElement":[{"@type":"ListItem","position":1,"name":"Portada","item":"https:\/\/ioreabogados.com\/"},{"@type":"ListItem","position":2,"name":"Glosario","item":"https:\/\/ioreabogados.com\/index.php\/glosarioabogadospamplona\/"},{"@type":"ListItem","position":3,"name":"A beneficio de inventario"}]},{"@type":"WebSite","@id":"https:\/\/ioreabogados.com\/#website","url":"https:\/\/ioreabogados.com\/","name":"Iore Abogados","description":"","publisher":{"@id":"https:\/\/ioreabogados.com\/#organization"},"potentialAction":[{"@type":"SearchAction","target":{"@type":"EntryPoint","urlTemplate":"https:\/\/ioreabogados.com\/?s={search_term_string}"},"query-input":{"@type":"PropertyValueSpecification","valueRequired":true,"valueName":"search_term_string"}}],"inLanguage":"es"},{"@type":"Organization","@id":"https:\/\/ioreabogados.com\/#organization","name":"Iore Abogados","url":"https:\/\/ioreabogados.com\/","logo":{"@type":"ImageObject","inLanguage":"es","@id":"https:\/\/ioreabogados.com\/#\/schema\/logo\/image\/","url":"https:\/\/ioreabogados.com\/wp-content\/uploads\/2023\/11\/cropped-logoAbogadosPamplona-1.png","contentUrl":"https:\/\/ioreabogados.com\/wp-content\/uploads\/2023\/11\/cropped-logoAbogadosPamplona-1.png","width":304,"height":109,"caption":"Iore Abogados"},"image":{"@id":"https:\/\/ioreabogados.com\/#\/schema\/logo\/image\/"},"sameAs":["https:\/\/x.com\/IoreAbogados"]}]}},"jetpack_sharing_enabled":true,"_links":{"self":[{"href":"https:\/\/ioreabogados.com\/index.php\/wp-json\/wp\/v2\/pages\/1226","targetHints":{"allow":["GET"]}}],"collection":[{"href":"https:\/\/ioreabogados.com\/index.php\/wp-json\/wp\/v2\/pages"}],"about":[{"href":"https:\/\/ioreabogados.com\/index.php\/wp-json\/wp\/v2\/types\/page"}],"author":[{"embeddable":true,"href":"https:\/\/ioreabogados.com\/index.php\/wp-json\/wp\/v2\/users\/1"}],"replies":[{"embeddable":true,"href":"https:\/\/ioreabogados.com\/index.php\/wp-json\/wp\/v2\/comments?post=1226"}],"version-history":[{"count":8,"href":"https:\/\/ioreabogados.com\/index.php\/wp-json\/wp\/v2\/pages\/1226\/revisions"}],"predecessor-version":[{"id":4220,"href":"https:\/\/ioreabogados.com\/index.php\/wp-json\/wp\/v2\/pages\/1226\/revisions\/4220"}],"up":[{"embeddable":true,"href":"https:\/\/ioreabogados.com\/index.php\/wp-json\/wp\/v2\/pages\/1204"}],"wp:attachment":[{"href":"https:\/\/ioreabogados.com\/index.php\/wp-json\/wp\/v2\/media?parent=1226"}],"curies":[{"name":"wp","href":"https:\/\/api.w.org\/{rel}","templated":true}]}}